{"id":12,"date":"2024-01-09T10:36:00","date_gmt":"2024-01-09T10:36:00","guid":{"rendered":"https:\/\/shop.augustadruck.de\/?page_id=12"},"modified":"2024-01-18T07:37:29","modified_gmt":"2024-01-18T07:37:29","slug":"datenschutzerklaerung","status":"publish","type":"page","link":"https:\/\/shop.augustadruck.de\/?page_id=12","title":{"rendered":"Datenschutzerkl\u00e4rung"},"content":{"rendered":"\n<p>Wir erheben und verwenden Ihre personenbezogenen Daten ausschlie\u00dflich im Rahmen der Bestimmungen des Datenschutzrechts der Bundesrepublik Deutschland. Im Folgenden unterrichten wir Sie \u00fcber Art, Umfang und Zwecke der Erhebung und Verwendung personenbezogener Daten. Sie k\u00f6nnen diese Unterrichtung jederzeit auf unserer Webseite abrufen.<\/p>\n\n\n\n<p><strong>Daten\u00fcbermittlung und -protokollierung zu systeminternen und statistischen Zwecken<\/strong><br>Ihr Internet-Browser \u00fcbermittelt beim Zugriff auf unsere Webseite aus technischen Gr\u00fcnden automatisch Daten an unseren Webserver. Es handelt sich dabei unter anderem um Datum und Uhrzeit des Zugriffs, URL der verweisenden Webseite, abgerufene Datei, Menge der gesendeten Daten, Browsertyp und -version, Betriebssystem sowie Ihre IP-Adresse. Diese Daten werden getrennt von anderen Daten, die Sie im Rahmen der Nutzung unseres Angebotes eingeben, gespeichert. Eine Zuordnung dieser Daten zu einer bestimmten Person ist uns nicht m\u00f6glich. Diese Daten werden zu statistischen Zwecken ausgewertet und im Anschluss gel\u00f6scht.<\/p>\n\n\n\n<p><strong>Bestelldaten<\/strong><br>Diee Daten, die Sie im Rahmen einer Bestellabwicklung eingeben, werden gespeichert und verarbeitet. Das sind Name, Vorname, Adresse, E-Mail-Adresse und Telefonnummer. Daten, die zur Auslieferung oder Auftragsabwicklung notwendig sind, werden an dritte Dienstleister (Paket- und Briefzusteller) weitergegeben. Sowie die Aufbewahrung Ihrer Daten nicht mehr erforderlich oder gesetzlich geboten ist, werden diese gel\u00f6scht.<\/p>\n\n\n\n<p><strong>Kontaktformulardaten<\/strong><br>Nehmen Sie mit dem Websitebetreiber durch die angebotenen Kontaktm\u00f6glichkeiten Verbindung auf, werden Ihre Angaben gespeichert, damit auf diese zur Bearbeitung und Beantwortung Ihrer Anfrage zur\u00fcckgegriffen werden kann. Ohne Ihre Einwilligung werden diese Daten nicht an Dritte weitergegeben.<\/p>\n\n\n\n<p><\/p>\n\n\n\n<p><strong>Auskunfts- &amp; Widerrufsrecht<\/strong><br>Sie erhalten jederzeit ohne Angaben von Gr\u00fcnden kostenfrei Auskunft \u00fcber Ihre bei uns gespeicherten Daten. Sie k\u00f6nnen jederzeit Ihre bei uns erhobenen Daten sperren, berichtigen oder l\u00f6schen lassen. Sie k\u00f6nnen jederzeit die uns erteilten Einwilligung zur Datenerhebung und Verwendung ohne Angaben von Gr\u00fcnden widerrufen. Sie haben das Recht, sich bei einer zust\u00e4ndigen Datenschutzbeh\u00f6rde zu beschweren.<\/p>\n","protected":false},"excerpt":{"rendered":"<p>Wir erheben und verwenden Ihre personenbezogenen Daten ausschlie\u00dflich im Rahmen der Bestimmungen des Datenschutzrechts der Bundesrepublik Deutschland. Im Folgenden unterrichten [&hellip;]<\/p>\n","protected":false},"author":1,"featured_media":0,"parent":0,"menu_order":0,"comment_status":"closed","ping_status":"closed","template":"","meta":{"site-sidebar-layout":"default","site-content-layout":"","ast-site-content-layout":"default","site-content-style":"default","site-sidebar-style":"default","ast-global-header-display":"","ast-banner-title-visibility":"","ast-main-header-display":"","ast-hfb-above-header-display":"","ast-hfb-below-header-display":"","ast-hfb-mobile-header-display":"","site-post-title":"","ast-breadcrumbs-content":"","ast-featured-img":"","footer-sml-layout":"","ast-disable-related-posts":"","theme-transparent-header-meta":"","adv-header-id-meta":"","stick-header-meta":"","header-above-stick-meta":"","header-main-stick-meta":"","header-below-stick-meta":"","astra-migrate-meta-layouts":"default","ast-page-background-enabled":"default","ast-page-background-meta":{"desktop":{"background-color":"var(--ast-global-color-4)","background-image":"","background-repeat":"repeat","background-position":"center center","background-size":"auto","background-attachment":"scroll","background-type":"","background-media":"","overlay-type":"","overlay-color":"","overlay-opacity":"","overlay-gradient":""},"tablet":{"background-color":"","background-image":"","background-repeat":"repeat","background-position":"center center","background-size":"auto","background-attachment":"scroll","background-type":"","background-media":"","overlay-type":"","overlay-color":"","overlay-opacity":"","overlay-gradient":""},"mobile":{"background-color":"","background-image":"","background-repeat":"repeat","background-position":"center center","background-size":"auto","background-attachment":"scroll","background-type":"","background-media":"","overlay-type":"","overlay-color":"","overlay-opacity":"","overlay-gradient":""}},"ast-content-background-meta":{"desktop":{"background-color":"var(--ast-global-color-5)","background-image":"","background-repeat":"repeat","background-position":"center center","background-size":"auto","background-attachment":"scroll","background-type":"","background-media":"","overlay-type":"","overlay-color":"","overlay-opacity":"","overlay-gradient":""},"tablet":{"background-color":"var(--ast-global-color-5)","background-image":"","background-repeat":"repeat","background-position":"center center","background-size":"auto","background-attachment":"scroll","background-type":"","background-media":"","overlay-type":"","overlay-color":"","overlay-opacity":"","overlay-gradient":""},"mobile":{"background-color":"var(--ast-global-color-5)","background-image":"","background-repeat":"repeat","background-position":"center center","background-size":"auto","background-attachment":"scroll","background-type":"","background-media":"","overlay-type":"","overlay-color":"","overlay-opacity":"","overlay-gradient":""}},"footnotes":""},"class_list":["post-12","page","type-page","status-publish","hentry"],"_links":{"self":[{"href":"https:\/\/shop.augustadruck.de\/index.php?rest_route=\/wp\/v2\/pages\/12","targetHints":{"allow":["GET"]}}],"collection":[{"href":"https:\/\/shop.augustadruck.de\/index.php?rest_route=\/wp\/v2\/pages"}],"about":[{"href":"https:\/\/shop.augustadruck.de\/index.php?rest_route=\/wp\/v2\/types\/page"}],"author":[{"embeddable":true,"href":"https:\/\/shop.augustadruck.de\/index.php?rest_route=\/wp\/v2\/users\/1"}],"replies":[{"embeddable":true,"href":"https:\/\/shop.augustadruck.de\/index.php?rest_route=%2Fwp%2Fv2%2Fcomments&post=12"}],"version-history":[{"count":2,"href":"https:\/\/shop.augustadruck.de\/index.php?rest_route=\/wp\/v2\/pages\/12\/revisions"}],"predecessor-version":[{"id":88,"href":"https:\/\/shop.augustadruck.de\/index.php?rest_route=\/wp\/v2\/pages\/12\/revisions\/88"}],"wp:attachment":[{"href":"https:\/\/shop.augustadruck.de\/index.php?rest_route=%2Fwp%2Fv2%2Fmedia&parent=12"}],"curies":[{"name":"wp","href":"https:\/\/api.w.org\/{rel}","templated":true}]}}